{"id":3067,"date":"2013-08-11T19:06:15","date_gmt":"2013-08-11T16:06:15","guid":{"rendered":"https:\/\/www.basemedicale.com\/about\/"},"modified":"2025-11-06T10:28:21","modified_gmt":"2025-11-06T07:28:21","slug":"about","status":"publish","type":"page","link":"https:\/\/www.basemedicale.com\/en\/about\/","title":{"rendered":"About"},"content":{"rendered":"<h2 style=\"text-align: center;\">Base M\u00e9dicale<\/h2>\n<h2 style=\"text-align: center;\">Mustafa M\u00fcmin KO\u00c7AK<\/h2>\n<p>En tant que Base M\u00e9dicale, nous sommes un \u00e9tablissement totalement francophone sp\u00e9cialis\u00e9 dans la <a href=\"https:\/\/www.basemedicale.com\/en\/\"><strong>greffe de cheveux<\/strong><\/a> et accueillons des patients du monde entier en leur proposant un service de prise en charge totale dans le cadre du tourisme m\u00e9dical en g\u00e9rant tous le s\u00e9jour. Nous sommes situ\u00e9s \u00e0 Be\u015fikta\u015f qui est l\u2019un des quartiers les plus chics d\u2019Istanbul. Apr\u00e8s de longues recherches et avec l\u2019accumulation de plusieurs ann\u00e9es d\u2019exp\u00e9rience nous avons r\u00e9ussi \u00e0 faire des accords avec des professionnels hautement qualifi\u00e9 dans toutes nos branches. Notre \u00e9quipe poss\u00e8de une exp\u00e9rience importante dans le domaine de la sant\u00e9 avec un grand nombre de patients satisfait.<\/p>\n<p>Notre but est de vous offrir le meilleur service au meilleur prix tout en vous garantissant des soins, des traitements et un h\u00e9bergement de meilleure qualit\u00e9. Nos principes sont bas\u00e9s sur ce dernier et la r\u00e9ussite ce qui fait de notre devise : Retrouvez la qualit\u00e9 \u00e0 chaque instant !<\/p>\n<h2 style=\"text-align: center;\">\u00e9tablissement<\/h2>\n<p>Avec notre vaste champ de travail ; nous vous proposons un service complet en organisant la totalit\u00e9 de votre s\u00e9jour m\u00e9dical de A \u00e0 Z quel que soit la nature de votre op\u00e9ration d\u00e8s la premi\u00e8re demande jusqu\u2019au suivi post-op\u00e9ratoire. Soucieux de votre satisfaction nous faisons tous le n\u00e9cessaire pour que vous soyez comme chez vous \u00e0 l\u2019\u00e9tranger.<\/p>\n<p><iframe loading=\"lazy\" title=\"Base M\u00e9dicale - D\u00e9roulement de votre intervention greffe de cheveux\" src=\"https:\/\/www.youtube.com\/embed\/UE753i2zSYk\" width=\"100%\" height=\"542\" frameborder=\"0\" allowfullscreen=\"allowfullscreen\"><span data-mce-type=\"bookmark\" style=\"display: inline-block; width: 0px; overflow: hidden; line-height: 0;\" class=\"mce_SELRES_start\">\ufeff<\/span><\/iframe><\/p>\n","protected":false},"excerpt":{"rendered":"<p>Base M\u00e9dicale Mustafa M\u00fcmin KO\u00c7AK En tant que Base M\u00e9dicale, nous sommes un \u00e9tablissement totalement francophone sp\u00e9cialis\u00e9 dans la greffe de cheveux et accueillons des patients du monde entier en leur proposant un service de prise en charge totale dans le cadre du tourisme m\u00e9dical en g\u00e9rant tous le s\u00e9jour. Nous sommes situ\u00e9s \u00e0 Be\u015fikta\u015f [&hellip;]<\/p>\n","protected":false},"author":1,"featured_media":0,"parent":0,"menu_order":0,"comment_status":"closed","ping_status":"closed","template":"","meta":{"footnotes":""},"class_list":["post-3067","page","type-page","status-publish","hentry"],"_links":{"self":[{"href":"https:\/\/www.basemedicale.com\/en\/wp-json\/wp\/v2\/pages\/3067","targetHints":{"allow":["GET"]}}],"collection":[{"href":"https:\/\/www.basemedicale.com\/en\/wp-json\/wp\/v2\/pages"}],"about":[{"href":"https:\/\/www.basemedicale.com\/en\/wp-json\/wp\/v2\/types\/page"}],"author":[{"embeddable":true,"href":"https:\/\/www.basemedicale.com\/en\/wp-json\/wp\/v2\/users\/1"}],"replies":[{"embeddable":true,"href":"https:\/\/www.basemedicale.com\/en\/wp-json\/wp\/v2\/comments?post=3067"}],"version-history":[{"count":2,"href":"https:\/\/www.basemedicale.com\/en\/wp-json\/wp\/v2\/pages\/3067\/revisions"}],"predecessor-version":[{"id":3417,"href":"https:\/\/www.basemedicale.com\/en\/wp-json\/wp\/v2\/pages\/3067\/revisions\/3417"}],"wp:attachment":[{"href":"https:\/\/www.basemedicale.com\/en\/wp-json\/wp\/v2\/media?parent=3067"}],"curies":[{"name":"wp","href":"https:\/\/api.w.org\/{rel}","templated":true}]}}