{"id":3075,"date":"2024-07-29T15:39:19","date_gmt":"2024-07-29T12:39:19","guid":{"rendered":"https:\/\/www.basemedicale.com\/organization-of-which-we-are-intermediaries\/"},"modified":"2024-07-29T15:39:19","modified_gmt":"2024-07-29T12:39:19","slug":"organization-of-which-we-are-intermediaries","status":"publish","type":"page","link":"https:\/\/www.basemedicale.com\/en\/organization-of-which-we-are-intermediaries\/","title":{"rendered":"Organization of which we are intermediaries"},"content":{"rendered":"<h2 style=\"text-align: center;\"><span style=\"font-size: 100%;\">Organization of which we are intermediaries<\/span><\/h2>\n<p><img loading=\"lazy\" decoding=\"async\" class=\"alignnone size-full wp-image-2977\" src=\"https:\/\/www.basemedicale.com\/wp-content\/uploads\/2025\/10\/logo-yan-1.png\" alt=\"\" width=\"175\" height=\"188\" title=\"\" srcset=\"https:\/\/www.basemedicale.com\/wp-content\/uploads\/2025\/10\/logo-yan-1.png 175w, https:\/\/www.basemedicale.com\/wp-content\/uploads\/2025\/10\/logo-yan-1-140x150.png 140w\" sizes=\"auto, (max-width: 175px) 100vw, 175px\" \/><\/p>\n<p><span style=\"font-size: 100%;\"><a href=\"https:\/\/www.feritdemirkan.com\/\" target=\"_blank\" rel=\"noopener\">Prof. Dr. Ferit DEM\u0130RKAN \u2013 Estetik, Plastik &amp; Rekonstr\u00fcktif Cerrahi Uzman\u0131 (feritdemirkan.com)<\/a><\/span><\/p>\n<p>&nbsp;<\/p>\n<p><img loading=\"lazy\" decoding=\"async\" class=\"alignnone wp-image-2978 size-full\" src=\"https:\/\/www.basemedicale.com\/wp-content\/uploads\/2025\/10\/logo-122x49-1.png\" alt=\"\" width=\"122\" height=\"49\" title=\"\"><\/p>\n<p><span style=\"font-size: 100%;\"><a href=\"http:\/\/gebzecapadis.com\/\" target=\"_blank\" rel=\"noopener\">Gebze \u00c7apa Di\u015f Kilini\u011fi (gebzecapadis.com)<\/a><\/span><\/p>\n<p>&nbsp;<\/p>\n<p><img loading=\"lazy\" decoding=\"async\" class=\"alignnone size-full wp-image-2979\" src=\"https:\/\/www.basemedicale.com\/wp-content\/uploads\/2025\/10\/logo-.png\" alt=\"\" width=\"242\" height=\"91\" title=\"\" srcset=\"https:\/\/www.basemedicale.com\/wp-content\/uploads\/2025\/10\/logo-.png 242w, https:\/\/www.basemedicale.com\/wp-content\/uploads\/2025\/10\/logo--150x56.png 150w\" sizes=\"auto, (max-width: 242px) 100vw, 242px\" \/><\/p>\n<p><span style=\"font-size: 100%;\">Dent EFFECT \u2013 A\u011f\u0131z ve Di\u015f Sa\u011fl\u0131\u011f\u0131 Poliklini\u011fi<\/span><\/p>\n","protected":false},"excerpt":{"rendered":"<p>Organization of which we are intermediaries Prof. Dr. Ferit DEM\u0130RKAN \u2013 Estetik, Plastik &amp; Rekonstr\u00fcktif Cerrahi Uzman\u0131 (feritdemirkan.com) &nbsp; Gebze \u00c7apa Di\u015f Kilini\u011fi (gebzecapadis.com) &nbsp; Dent EFFECT \u2013 A\u011f\u0131z ve Di\u015f Sa\u011fl\u0131\u011f\u0131 Poliklini\u011fi<\/p>\n","protected":false},"author":1,"featured_media":0,"parent":0,"menu_order":0,"comment_status":"closed","ping_status":"closed","template":"","meta":{"footnotes":""},"class_list":["post-3075","page","type-page","status-publish","hentry"],"_links":{"self":[{"href":"https:\/\/www.basemedicale.com\/en\/wp-json\/wp\/v2\/pages\/3075","targetHints":{"allow":["GET"]}}],"collection":[{"href":"https:\/\/www.basemedicale.com\/en\/wp-json\/wp\/v2\/pages"}],"about":[{"href":"https:\/\/www.basemedicale.com\/en\/wp-json\/wp\/v2\/types\/page"}],"author":[{"embeddable":true,"href":"https:\/\/www.basemedicale.com\/en\/wp-json\/wp\/v2\/users\/1"}],"replies":[{"embeddable":true,"href":"https:\/\/www.basemedicale.com\/en\/wp-json\/wp\/v2\/comments?post=3075"}],"version-history":[{"count":0,"href":"https:\/\/www.basemedicale.com\/en\/wp-json\/wp\/v2\/pages\/3075\/revisions"}],"wp:attachment":[{"href":"https:\/\/www.basemedicale.com\/en\/wp-json\/wp\/v2\/media?parent=3075"}],"curies":[{"name":"wp","href":"https:\/\/api.w.org\/{rel}","templated":true}]}}